{"id":1567,"date":"2023-12-17T12:59:52","date_gmt":"2023-12-17T11:59:52","guid":{"rendered":"https:\/\/www.teodoramakeup.com\/?page_id=1567"},"modified":"2024-08-02T18:31:24","modified_gmt":"2024-08-02T16:31:24","slug":"servicios","status":"publish","type":"page","link":"https:\/\/www.teodoramakeup.com\/en\/servicios\/","title":{"rendered":"Services"},"content":{"rendered":"<h1>\n\t\t\t\t\tServices\n\t\t\t\t<\/h1>\n\t\t\t<h2>\n\t\t\t\t\tMy compromise\n\t\t\t\t<\/h2>\n\t\t\t<p>My work is aimed at a female profile, mainly brides, but also godmothers, guests and models.<\/p>\n<p>Your comfort and satisfaction with the work done are my priority, which is why I guarantee the provision of the <strong>bridal makeup home service<\/strong> and your guests.<\/p>\n<p>To provide the service I carry all the technical equipment and necessary products. I will only need a table, chair and a space with good light.<\/p>\n<p>I try to share moments with my clients during the process, and that both they and the people around them are comfortable and at ease, creating a warm and familiar atmosphere.<\/p>\n<p>Es un d\u00eda muy importante. Delega, conf\u00eda y rel\u00e1jate. Disfruta del momento&#8230;, tu momento&#8230; T\u00fa decides c\u00f3mo, d\u00f3nde y con qui\u00e9n quieres vivirlo. Yo estar\u00e9 ah\u00ed para lo que necesites. Guarda los recuerdos para siempre.<\/p>\n\t\t\t<h2>\n\t\t\t\t\tBook your date\n\t\t\t\t<\/h2>\n\t\t\t<blockquote>\n<ul>\n<li>\n<p>Check date<\/p>\n<\/li>\n<li>\n<p>Know the conditions<\/p>\n<\/li>\n<li>\n<p>Exposition of doubts and needs<\/p>\n<\/li>\n<li>\n<p>Formalization of reservation<\/p>\n<\/li>\n<li>\n<p>Contract signing<\/p>\n<\/li>\n<li>Time to share ideas, follow up and prepare<\/li>\n<li>Makeup trial (2 months before the wedding) on \u200b\u200ba single day and location.<\/li>\n<\/ul>\n<\/blockquote>\n\t\t\t\t<img decoding=\"async\" src=\"https:\/\/www.teodoramakeup.com\/wp-content\/uploads\/2023\/12\/Engagement-Ring-free-img.png\" alt=\"Engagement-Ring-free-img.png\" itemprop=\"image\"\/>\n\t\t\t<h4>\n\t\t\t\t\tBrides\n\t\t\t\t<\/h4>\n\t\t\tI take care of you so that you look radiant on your special day.\n\t\t\t\t<img decoding=\"async\" src=\"https:\/\/www.teodoramakeup.com\/wp-content\/uploads\/2021\/03\/wedding-bells.png\" alt=\"wedding-bells\" itemprop=\"image\"\/>\n\t\t\t<h4>\n\t\t\t\t\tGodmothers and Guests\n\t\t\t\t<\/h4>\n\t\t\tBecause not only brides are destined to shine at the wedding.\n\t\t\t\t<img decoding=\"async\" src=\"https:\/\/www.teodoramakeup.com\/wp-content\/uploads\/2021\/03\/party-make-up.png\" alt=\"party-make-up\" itemprop=\"image\"\/>\n\t\t\t<h4>\n\t\t\t\t\tOther events\n\t\t\t\t<\/h4>\n\t\t\tFeel pretty on every occasion and event you attend.\n\t\t\t\t<img decoding=\"async\" src=\"https:\/\/www.teodoramakeup.com\/wp-content\/uploads\/2023\/12\/Photo-Camera-free-img.png\" alt=\"Photo-Camera-free-img.png\" itemprop=\"image\"\/>\n\t\t\t<h4>\n\t\t\t\t\tModels\n\t\t\t\t<\/h4>\n\t\t\tMakeup focused on advertisements, campaigns and photo shoots.","protected":false},"excerpt":{"rendered":"<p>Servicios Mi compromiso Mi trabajo est\u00e1 dirigido a un perfil femenino, principalmente a novias, pero tambi\u00e9n a madrinas, invitadas y modelos. Tu comodidad y satisfacci\u00f3n con el trabajo realizado son mi prioridad, por ello te garantizo la prestaci\u00f3n del servicio a domicilio de maquillaje de novia y de tus invitadas. Para la prestaci\u00f3n del servicio [&hellip;]<\/p>","protected":false},"author":1,"featured_media":0,"parent":0,"menu_order":0,"comment_status":"closed","ping_status":"closed","template":"","meta":{"om_disable_all_campaigns":false,"_monsterinsights_skip_tracking":false,"_monsterinsights_sitenote_active":false,"_monsterinsights_sitenote_note":"","_monsterinsights_sitenote_category":0,"site-sidebar-layout":"no-sidebar","site-content-layout":"page-builder","ast-site-content-layout":"full-width-container","site-content-style":"unboxed","site-sidebar-style":"unboxed","ast-global-header-display":"","ast-banner-title-visibility":"","ast-main-header-display":"","ast-hfb-above-header-display":"","ast-hfb-below-header-display":"","ast-hfb-mobile-header-display":"","site-post-title":"disabled","ast-breadcrumbs-content":"","ast-featured-img":"disabled","footer-sml-layout":"","theme-transparent-header-meta":"enabled","adv-header-id-meta":"","stick-header-meta":"","header-above-stick-meta":"","header-main-stick-meta":"","header-below-stick-meta":"","astra-migrate-meta-layouts":"set","ast-page-background-enabled":"default","ast-page-background-meta":{"desktop":{"background-color":"","background-image":"","background-repeat":"repeat","background-position":"center center","background-size":"auto","background-attachment":"scroll","background-type":"","background-media":"","overlay-type":"","overlay-color":"","overlay-opacity":"","overlay-gradient":""},"tablet":{"background-color":"","background-image":"","background-repeat":"repeat","background-position":"center center","background-size":"auto","background-attachment":"scroll","background-type":"","background-media":"","overlay-type":"","overlay-color":"","overlay-opacity":"","overlay-gradient":""},"mobile":{"background-color":"","background-image":"","background-repeat":"repeat","background-position":"center center","background-size":"auto","background-attachment":"scroll","background-type":"","background-media":"","overlay-type":"","overlay-color":"","overlay-opacity":"","overlay-gradient":""}},"ast-content-background-meta":{"desktop":{"background-color":"var(--ast-global-color-5)","background-image":"","background-repeat":"repeat","background-position":"center center","background-size":"auto","background-attachment":"scroll","background-type":"","background-media":"","overlay-type":"","overlay-color":"","overlay-opacity":"","overlay-gradient":""},"tablet":{"background-color":"var(--ast-global-color-5)","background-image":"","background-repeat":"repeat","background-position":"center center","background-size":"auto","background-attachment":"scroll","background-type":"","background-media":"","overlay-type":"","overlay-color":"","overlay-opacity":"","overlay-gradient":""},"mobile":{"background-color":"var(--ast-global-color-5)","background-image":"","background-repeat":"repeat","background-position":"center center","background-size":"auto","background-attachment":"scroll","background-type":"","background-media":"","overlay-type":"","overlay-color":"","overlay-opacity":"","overlay-gradient":""}},"footnotes":""},"class_list":["post-1567","page","type-page","status-publish","hentry"],"aioseo_notices":[],"_links":{"self":[{"href":"https:\/\/www.teodoramakeup.com\/en\/wp-json\/wp\/v2\/pages\/1567","targetHints":{"allow":["GET"]}}],"collection":[{"href":"https:\/\/www.teodoramakeup.com\/en\/wp-json\/wp\/v2\/pages"}],"about":[{"href":"https:\/\/www.teodoramakeup.com\/en\/wp-json\/wp\/v2\/types\/page"}],"author":[{"embeddable":true,"href":"https:\/\/www.teodoramakeup.com\/en\/wp-json\/wp\/v2\/users\/1"}],"replies":[{"embeddable":true,"href":"https:\/\/www.teodoramakeup.com\/en\/wp-json\/wp\/v2\/comments?post=1567"}],"version-history":[{"count":29,"href":"https:\/\/www.teodoramakeup.com\/en\/wp-json\/wp\/v2\/pages\/1567\/revisions"}],"predecessor-version":[{"id":2280,"href":"https:\/\/www.teodoramakeup.com\/en\/wp-json\/wp\/v2\/pages\/1567\/revisions\/2280"}],"wp:attachment":[{"href":"https:\/\/www.teodoramakeup.com\/en\/wp-json\/wp\/v2\/media?parent=1567"}],"curies":[{"name":"wp","href":"https:\/\/api.w.org\/{rel}","templated":true}]}}