{"id":1578,"date":"2023-12-17T13:17:30","date_gmt":"2023-12-17T12:17:30","guid":{"rendered":"https:\/\/www.teodoramakeup.com\/?page_id=1578"},"modified":"2024-07-26T17:32:05","modified_gmt":"2024-07-26T15:32:05","slug":"inicio","status":"publish","type":"page","link":"https:\/\/www.teodoramakeup.com\/en\/","title":{"rendered":"Home"},"content":{"rendered":"<a href=\"https:\/\/www.teodoramakeup.com\/en\/contacto\/\" target=\"_self\" role=\"button\" rel=\"noopener\">\n\t\t\t\t\t\tcontact now\n\t\t<\/a>\n\t\t\t\n\t\t\t\n\t\t\t<p>I like to provide confidence and comfort to my clients.<\/p>\n<p>The makeup I do is an extension of my interior; It is my purest form of expression, of what I feel and what I am.<\/p>\n<p>I always carry out my work consciously and consistently with myself.<\/p>\n<p>I'm Theodora. Allow me to show you a little corner of my world, my work, my passion.<\/p>\n\t\t\t<a href=\"https:\/\/www.teodoramakeup.com\/en\/contacto\/\" target=\"_self\" role=\"button\" rel=\"noopener\">\n\t\t\t\t\t\tContact\n\t\t<\/a>","protected":false},"excerpt":{"rendered":"<p>Contacta ahora Me gusta aportar confianza y comodidad a mis clientas. Los maquillajes que realizo son una extensi\u00f3n de mi interior; es mi forma m\u00e1s pura de expresi\u00f3n, de lo que siento y de lo que soy. Mi trabajo lo llevo siempre a cabo de manera consciente y consecuente conmigo misma. Soy Teodora. Perm\u00edteme mostrarte [&hellip;]<\/p>","protected":false},"author":1,"featured_media":0,"parent":0,"menu_order":0,"comment_status":"closed","ping_status":"closed","template":"","meta":{"om_disable_all_campaigns":false,"_monsterinsights_skip_tracking":false,"_monsterinsights_sitenote_active":false,"_monsterinsights_sitenote_note":"","_monsterinsights_sitenote_category":0,"site-sidebar-layout":"default","site-content-layout":"","ast-site-content-layout":"full-width-container","site-content-style":"unboxed","site-sidebar-style":"unboxed","ast-global-header-display":"","ast-banner-title-visibility":"","ast-main-header-display":"","ast-hfb-above-header-display":"","ast-hfb-below-header-display":"","ast-hfb-mobile-header-display":"","site-post-title":"","ast-breadcrumbs-content":"","ast-featured-img":"","footer-sml-layout":"","theme-transparent-header-meta":"","adv-header-id-meta":"","stick-header-meta":"","header-above-stick-meta":"","header-main-stick-meta":"","header-below-stick-meta":"","astra-migrate-meta-layouts":"set","ast-page-background-enabled":"default","ast-page-background-meta":{"desktop":{"background-color":"","background-image":"","background-repeat":"repeat","background-position":"center center","background-size":"auto","background-attachment":"scroll","background-type":"","background-media":"","overlay-type":"","overlay-color":"","overlay-opacity":"","overlay-gradient":""},"tablet":{"background-color":"","background-image":"","background-repeat":"repeat","background-position":"center center","background-size":"auto","background-attachment":"scroll","background-type":"","background-media":"","overlay-type":"","overlay-color":"","overlay-opacity":"","overlay-gradient":""},"mobile":{"background-color":"","background-image":"","background-repeat":"repeat","background-position":"center center","background-size":"auto","background-attachment":"scroll","background-type":"","background-media":"","overlay-type":"","overlay-color":"","overlay-opacity":"","overlay-gradient":""}},"ast-content-background-meta":{"desktop":{"background-color":"var(--ast-global-color-5)","background-image":"","background-repeat":"repeat","background-position":"center center","background-size":"auto","background-attachment":"scroll","background-type":"","background-media":"","overlay-type":"","overlay-color":"","overlay-opacity":"","overlay-gradient":""},"tablet":{"background-color":"var(--ast-global-color-5)","background-image":"","background-repeat":"repeat","background-position":"center center","background-size":"auto","background-attachment":"scroll","background-type":"","background-media":"","overlay-type":"","overlay-color":"","overlay-opacity":"","overlay-gradient":""},"mobile":{"background-color":"var(--ast-global-color-5)","background-image":"","background-repeat":"repeat","background-position":"center center","background-size":"auto","background-attachment":"scroll","background-type":"","background-media":"","overlay-type":"","overlay-color":"","overlay-opacity":"","overlay-gradient":""}},"footnotes":""},"class_list":["post-1578","page","type-page","status-publish","hentry"],"aioseo_notices":[],"_links":{"self":[{"href":"https:\/\/www.teodoramakeup.com\/en\/wp-json\/wp\/v2\/pages\/1578","targetHints":{"allow":["GET"]}}],"collection":[{"href":"https:\/\/www.teodoramakeup.com\/en\/wp-json\/wp\/v2\/pages"}],"about":[{"href":"https:\/\/www.teodoramakeup.com\/en\/wp-json\/wp\/v2\/types\/page"}],"author":[{"embeddable":true,"href":"https:\/\/www.teodoramakeup.com\/en\/wp-json\/wp\/v2\/users\/1"}],"replies":[{"embeddable":true,"href":"https:\/\/www.teodoramakeup.com\/en\/wp-json\/wp\/v2\/comments?post=1578"}],"version-history":[{"count":52,"href":"https:\/\/www.teodoramakeup.com\/en\/wp-json\/wp\/v2\/pages\/1578\/revisions"}],"predecessor-version":[{"id":2274,"href":"https:\/\/www.teodoramakeup.com\/en\/wp-json\/wp\/v2\/pages\/1578\/revisions\/2274"}],"wp:attachment":[{"href":"https:\/\/www.teodoramakeup.com\/en\/wp-json\/wp\/v2\/media?parent=1578"}],"curies":[{"name":"wp","href":"https:\/\/api.w.org\/{rel}","templated":true}]}}