{"id":1601,"date":"2023-12-18T19:12:04","date_gmt":"2023-12-18T18:12:04","guid":{"rendered":"https:\/\/www.teodoramakeup.com\/?page_id=1601"},"modified":"2024-04-06T13:00:08","modified_gmt":"2024-04-06T11:00:08","slug":"quien-soy","status":"publish","type":"page","link":"https:\/\/www.teodoramakeup.com\/en\/quien-soy\/","title":{"rendered":"Who I am"},"content":{"rendered":"<h1>\n\t\t\t\t\tWho I am\n\t\t\t\t<\/h1>\n\t\t\t\t<img decoding=\"async\" src=\"https:\/\/www.teodoramakeup.com\/wp-content\/uploads\/2024\/04\/photo_2024-04-01_04-33-51.jpg\" alt=\"Photo 2024 04 01 04 33 51\" itemprop=\"image\"\/>\n\t<h2>\n\t\t\t\t\tAbout me\n\t\t\t\t<\/h2>\n\t<h5>\n\t\t\t\t\tPassionate about my profession.\n\t\t\t\t<\/h5>\n\t<p>When I started, years ago, makeup became my favorite hobby, a hobby that I not only enjoyed, but also helped me escape from the routine of my former profession. Almost without realizing it, so much interest was awakened in me that I quickly became clear: I wanted to specialize and dedicate myself to it professionally.<\/p>\n<p>Although the beginnings were not easy, I came to the conclusion that it was not impossible to bet on what I was really passionate about. Along the way I was lucky enough to meet people who became my role models, and as soon as I saw their skills and work, achieved with effort, sacrifice and perseverance, I felt and decided that I wanted to achieve the same thing.<\/p>\n<p class=\" translation-block\">The great personal and professional crisis that I went through back in 2020 was decisive in getting me fully involved in my project: <strong>Teodora Make-up<\/strong>. Since then, I have been working daily to characterize myself by developing professional makeup, focused on social makeup, with a specialty in brides.<\/p>\n<p>I am passionate about teaching and helping other people bring out their essence and reflect it through makeup. And if I achieve it, it is because of my constant effort to put love in everything I do, my permanent effort to improve through my continuous training, and because I try to transmit what I feel, being able to generate special bonds, emotions and great enthusiasm in those who believe in my work.<\/p>\n<p>I'm not just a makeup artist. I always strive to create magical moments.<\/p>\n\t<h3>\n\t\t\t\t\tTeodora Make-up\n\t\t\t\t<\/h3>\n\t<ul>\n\t\t<li>\t\t\t\t\n\t\t<p>652 940 712<\/p>\n<\/li>\t<\/ul>\n\t<ul>\n\t\t<li>\t\t\t\t\n\t\t<p>info@teodoramakeup.com<\/p><\/li>\t<\/ul>\n\t\t\t\t<img decoding=\"async\" src=\"https:\/\/www.teodoramakeup.com\/wp-content\/uploads\/2024\/04\/IMG-20240126-WA0043_2.jpg\" alt=\"Img 20240126 Wa0043 2\" itemprop=\"image\"\/>\n\t\t\t\t<img decoding=\"async\" src=\"https:\/\/www.teodoramakeup.com\/wp-content\/uploads\/2024\/01\/Teodora_07.png\" alt=\"Teodora_07\" itemprop=\"image\"\/>\n\t\t\t\t<img decoding=\"async\" src=\"https:\/\/www.teodoramakeup.com\/wp-content\/uploads\/2024\/01\/Teodora_06.png\" alt=\"Teodora_06\" itemprop=\"image\"\/>","protected":false},"excerpt":{"rendered":"<p>Qui\u00e9n soy Sobre m\u00ed Apasionada de mi profesi\u00f3n. Cuando comenc\u00e9, a\u00f1os atr\u00e1s, el maquillaje se convirti\u00f3 en mi hobbie favorito, afici\u00f3n con la que no s\u00f3lo disfrutaba, sino que tambi\u00e9n me serv\u00eda para evadirme de la rutina de mi antigua profesi\u00f3n. Casi sin darme cuenta se despert\u00f3 en m\u00ed tanto inter\u00e9s que r\u00e1pidamente lo tuve [&hellip;]<\/p>","protected":false},"author":1,"featured_media":0,"parent":0,"menu_order":0,"comment_status":"closed","ping_status":"closed","template":"","meta":{"om_disable_all_campaigns":false,"_monsterinsights_skip_tracking":false,"_monsterinsights_sitenote_active":false,"_monsterinsights_sitenote_note":"","_monsterinsights_sitenote_category":0,"site-sidebar-layout":"no-sidebar","site-content-layout":"page-builder","ast-site-content-layout":"full-width-container","site-content-style":"unboxed","site-sidebar-style":"unboxed","ast-global-header-display":"","ast-banner-title-visibility":"","ast-main-header-display":"","ast-hfb-above-header-display":"","ast-hfb-below-header-display":"","ast-hfb-mobile-header-display":"","site-post-title":"disabled","ast-breadcrumbs-content":"","ast-featured-img":"disabled","footer-sml-layout":"","theme-transparent-header-meta":"enabled","adv-header-id-meta":"","stick-header-meta":"","header-above-stick-meta":"","header-main-stick-meta":"","header-below-stick-meta":"","astra-migrate-meta-layouts":"set","ast-page-background-enabled":"default","ast-page-background-meta":{"desktop":{"background-color":"","background-image":"","background-repeat":"repeat","background-position":"center center","background-size":"auto","background-attachment":"scroll","background-type":"","background-media":"","overlay-type":"","overlay-color":"","overlay-opacity":"","overlay-gradient":""},"tablet":{"background-color":"","background-image":"","background-repeat":"repeat","background-position":"center center","background-size":"auto","background-attachment":"scroll","background-type":"","background-media":"","overlay-type":"","overlay-color":"","overlay-opacity":"","overlay-gradient":""},"mobile":{"background-color":"","background-image":"","background-repeat":"repeat","background-position":"center center","background-size":"auto","background-attachment":"scroll","background-type":"","background-media":"","overlay-type":"","overlay-color":"","overlay-opacity":"","overlay-gradient":""}},"ast-content-background-meta":{"desktop":{"background-color":"var(--ast-global-color-5)","background-image":"","background-repeat":"repeat","background-position":"center center","background-size":"auto","background-attachment":"scroll","background-type":"","background-media":"","overlay-type":"","overlay-color":"","overlay-opacity":"","overlay-gradient":""},"tablet":{"background-color":"var(--ast-global-color-5)","background-image":"","background-repeat":"repeat","background-position":"center center","background-size":"auto","background-attachment":"scroll","background-type":"","background-media":"","overlay-type":"","overlay-color":"","overlay-opacity":"","overlay-gradient":""},"mobile":{"background-color":"var(--ast-global-color-5)","background-image":"","background-repeat":"repeat","background-position":"center center","background-size":"auto","background-attachment":"scroll","background-type":"","background-media":"","overlay-type":"","overlay-color":"","overlay-opacity":"","overlay-gradient":""}},"footnotes":""},"class_list":["post-1601","page","type-page","status-publish","hentry"],"aioseo_notices":[],"_links":{"self":[{"href":"https:\/\/www.teodoramakeup.com\/en\/wp-json\/wp\/v2\/pages\/1601","targetHints":{"allow":["GET"]}}],"collection":[{"href":"https:\/\/www.teodoramakeup.com\/en\/wp-json\/wp\/v2\/pages"}],"about":[{"href":"https:\/\/www.teodoramakeup.com\/en\/wp-json\/wp\/v2\/types\/page"}],"author":[{"embeddable":true,"href":"https:\/\/www.teodoramakeup.com\/en\/wp-json\/wp\/v2\/users\/1"}],"replies":[{"embeddable":true,"href":"https:\/\/www.teodoramakeup.com\/en\/wp-json\/wp\/v2\/comments?post=1601"}],"version-history":[{"count":25,"href":"https:\/\/www.teodoramakeup.com\/en\/wp-json\/wp\/v2\/pages\/1601\/revisions"}],"predecessor-version":[{"id":2035,"href":"https:\/\/www.teodoramakeup.com\/en\/wp-json\/wp\/v2\/pages\/1601\/revisions\/2035"}],"wp:attachment":[{"href":"https:\/\/www.teodoramakeup.com\/en\/wp-json\/wp\/v2\/media?parent=1601"}],"curies":[{"name":"wp","href":"https:\/\/api.w.org\/{rel}","templated":true}]}}