{"id":2065,"date":"2024-05-02T20:03:26","date_gmt":"2024-05-02T18:03:26","guid":{"rendered":"https:\/\/www.teodoramakeup.com\/?page_id=2065"},"modified":"2024-07-01T18:51:43","modified_gmt":"2024-07-01T16:51:43","slug":"mi-trabajo","status":"publish","type":"page","link":"https:\/\/www.teodoramakeup.com\/en\/mi-trabajo\/","title":{"rendered":"My job"},"content":{"rendered":"<h1>\n\t\t\t\t\tMy job\n\t\t\t\t<\/h1>\n\t<p>In this section you will be able to see a little of my work, both in terms of bridal makeup and models. In them you will appreciate the special atmosphere that is created between us, how I take care of the smallest details so that they look radiant in their special moment, and how happy and confident they all feel after doing their makeup. My next girlfriend: YOU.<\/p>\n<h2>\n\t\t<a href=\"https:\/\/www.teodoramakeup.com\/en\/maquillaje-de-novias\/\" title=\"Brides\" target=\"_self\" rel=\"noopener\">\n\t\tBrides\n\t\t<\/a>\n\t<\/h2>\n\t\t\t\t<a href=\"https:\/\/www.teodoramakeup.com\/en\/maquillaje-de-novias\/\" target=\"_self\" itemprop=\"url\" rel=\"noopener\">\n\t\t\t\t<img loading=\"lazy\" decoding=\"async\" src=\"https:\/\/www.teodoramakeup.com\/wp-content\/uploads\/2024\/02\/imagenes-de-maquillaje-para-novias-82-1536x1024.jpg\" alt=\"Imagenes De Maquillaje Para Novias 82\" itemprop=\"image\" height=\"1024\" width=\"1536\" title=\"Imagenes De Maquillaje Para Novias 82\" onerror=\"this.style.display='none'\"  \/>\n\t\t\t\t<\/a>\n<h2>\n\t\t<a href=\"https:\/\/www.teodoramakeup.com\/en\/maquillaje-de-modelos\/\" title=\"Models\" target=\"_self\" rel=\"noopener\">\n\t\tModels\n\t\t<\/a>\n\t<\/h2>\n\t\t\t\t<a href=\"https:\/\/www.teodoramakeup.com\/en\/maquillaje-de-modelos\/\" target=\"_self\" itemprop=\"url\" rel=\"noopener\">\n\t\t\t\t<img loading=\"lazy\" decoding=\"async\" src=\"https:\/\/www.teodoramakeup.com\/wp-content\/uploads\/2024\/05\/fotos-maquillaje-de-modelos-teodora-makeup-07-1536x1023.jpg\" alt=\"Fotos Maquillaje De Modelos Teodora Makeup\" itemprop=\"image\" height=\"1023\" width=\"1536\" title=\"Fotos Maquillaje De Modelos Teodora Makeup\" onerror=\"this.style.display='none'\"  \/>\n\t\t\t\t<\/a>","protected":false},"excerpt":{"rendered":"<p>Mi trabajo En esta secci\u00f3n podr\u00e1s ver un poquito de mi trabajo, tanto a nivel de maquillaje de novias, como de modelos. En ellas apreciar\u00e1s el ambiente tan especial que se crea entre nosotras, c\u00f3mo cuido de los m\u00e1s m\u00ednimos detalles para que luzcan radiante en su momento especial, y lo felices y seguras que [&hellip;]<\/p>","protected":false},"author":1,"featured_media":0,"parent":0,"menu_order":0,"comment_status":"closed","ping_status":"closed","template":"","meta":{"om_disable_all_campaigns":false,"_monsterinsights_skip_tracking":false,"_monsterinsights_sitenote_active":false,"_monsterinsights_sitenote_note":"","_monsterinsights_sitenote_category":0,"site-sidebar-layout":"no-sidebar","site-content-layout":"page-builder","ast-site-content-layout":"full-width-container","site-content-style":"unboxed","site-sidebar-style":"unboxed","ast-global-header-display":"","ast-banner-title-visibility":"","ast-main-header-display":"","ast-hfb-above-header-display":"","ast-hfb-below-header-display":"","ast-hfb-mobile-header-display":"","site-post-title":"disabled","ast-breadcrumbs-content":"","ast-featured-img":"disabled","footer-sml-layout":"","theme-transparent-header-meta":"enabled","adv-header-id-meta":"","stick-header-meta":"","header-above-stick-meta":"","header-main-stick-meta":"","header-below-stick-meta":"","astra-migrate-meta-layouts":"set","ast-page-background-enabled":"default","ast-page-background-meta":{"desktop":{"background-color":"","background-image":"","background-repeat":"repeat","background-position":"center center","background-size":"auto","background-attachment":"scroll","background-type":"","background-media":"","overlay-type":"","overlay-color":"","overlay-opacity":"","overlay-gradient":""},"tablet":{"background-color":"","background-image":"","background-repeat":"repeat","background-position":"center center","background-size":"auto","background-attachment":"scroll","background-type":"","background-media":"","overlay-type":"","overlay-color":"","overlay-opacity":"","overlay-gradient":""},"mobile":{"background-color":"","background-image":"","background-repeat":"repeat","background-position":"center center","background-size":"auto","background-attachment":"scroll","background-type":"","background-media":"","overlay-type":"","overlay-color":"","overlay-opacity":"","overlay-gradient":""}},"ast-content-background-meta":{"desktop":{"background-color":"var(--ast-global-color-5)","background-image":"","background-repeat":"repeat","background-position":"center center","background-size":"auto","background-attachment":"scroll","background-type":"","background-media":"","overlay-type":"","overlay-color":"","overlay-opacity":"","overlay-gradient":""},"tablet":{"background-color":"var(--ast-global-color-5)","background-image":"","background-repeat":"repeat","background-position":"center center","background-size":"auto","background-attachment":"scroll","background-type":"","background-media":"","overlay-type":"","overlay-color":"","overlay-opacity":"","overlay-gradient":""},"mobile":{"background-color":"var(--ast-global-color-5)","background-image":"","background-repeat":"repeat","background-position":"center center","background-size":"auto","background-attachment":"scroll","background-type":"","background-media":"","overlay-type":"","overlay-color":"","overlay-opacity":"","overlay-gradient":""}},"footnotes":""},"class_list":["post-2065","page","type-page","status-publish","hentry"],"aioseo_notices":[],"_links":{"self":[{"href":"https:\/\/www.teodoramakeup.com\/en\/wp-json\/wp\/v2\/pages\/2065","targetHints":{"allow":["GET"]}}],"collection":[{"href":"https:\/\/www.teodoramakeup.com\/en\/wp-json\/wp\/v2\/pages"}],"about":[{"href":"https:\/\/www.teodoramakeup.com\/en\/wp-json\/wp\/v2\/types\/page"}],"author":[{"embeddable":true,"href":"https:\/\/www.teodoramakeup.com\/en\/wp-json\/wp\/v2\/users\/1"}],"replies":[{"embeddable":true,"href":"https:\/\/www.teodoramakeup.com\/en\/wp-json\/wp\/v2\/comments?post=2065"}],"version-history":[{"count":25,"href":"https:\/\/www.teodoramakeup.com\/en\/wp-json\/wp\/v2\/pages\/2065\/revisions"}],"predecessor-version":[{"id":2188,"href":"https:\/\/www.teodoramakeup.com\/en\/wp-json\/wp\/v2\/pages\/2065\/revisions\/2188"}],"wp:attachment":[{"href":"https:\/\/www.teodoramakeup.com\/en\/wp-json\/wp\/v2\/media?parent=2065"}],"curies":[{"name":"wp","href":"https:\/\/api.w.org\/{rel}","templated":true}]}}