{"id":2195,"date":"2024-07-01T20:24:54","date_gmt":"2024-07-01T18:24:54","guid":{"rendered":"https:\/\/www.teodoramakeup.com\/?page_id=2195"},"modified":"2024-07-01T20:27:04","modified_gmt":"2024-07-01T18:27:04","slug":"politica-de-cookies","status":"publish","type":"page","link":"https:\/\/www.teodoramakeup.com\/en\/politica-de-cookies\/","title":{"rendered":"Pol\u00edtica de cookies"},"content":{"rendered":"<h1>\n\t\t\t\t\tPol\u00edtica de cookies\n\t\t\t\t<\/h1>\n<p>A <em>cookie<\/em> is a small text file that is stored in your browser when you visit almost any web page. Its usefulness is for the website to be able to remember your visit when you browse that page again. The <em>cookies<\/em> suelen almacenar informaci\u00f3n de car\u00e1cter t\u00e9cnico, preferencias personales, personalizaci\u00f3n de contenidos, estad\u00edsticas de uso, enlaces a redes sociales, acceso a cuentas de usuario, etc. El objetivo de la <em>cookie<\/em> is to adapt the content of the website to your profile and needs, without <em>cookies<\/em> the services offered by any page would be significantly reduced. If you would like more information about what the <em>cookies<\/em>, qu\u00e9 almacenan, c\u00f3mo eliminarlas, desactivarlas, etc., <a href=\"https:\/\/www.teodoramakeup.com\/en\/mas-informacion-sobre-las-cookies\/\">Please go to this link.<\/a><\/p>\n<h2>Cookies used on this website<\/h2>\n<p>Following the guidelines of the Spanish Data Protection Agency, we proceed to detail the use of <em>cookies<\/em> what this website does in order to inform you with the greatest possible accuracy.<\/p>\n<p>This website uses the following <strong>own cookies<\/strong>:<\/p>\n<table>\n<tbody>\n<tr>\n<th>Cookies name<\/th>\n<th>Purpose of cookies<\/th>\n<th>Duration<\/th>\n<\/tr>\n<tr>\n<td>cookie_notice_accepted<\/td>\n<td>Used to check acceptance of cookies<\/td>\n<td>1 day<\/td>\n<\/tr>\n<tr>\n<td>gdpr[allowed_cookies]<\/td>\n<td>Used to check acceptance of cookies<\/td>\n<td>1 year<\/td>\n<\/tr>\n<tr>\n<td>PHPSESSID<\/td>\n<td>This cookie is used to establish the user session<\/td>\n<td>Session<\/td>\n<\/tr>\n<tr>\n<td>wordpress_test_cookie<\/td>\n<td>This cookie is used for the WordPress content manager to check if the browser has cookies activated.<\/td>\n<td>Session<\/td>\n<\/tr>\n<tr>\n<td>woocommerce_cart_hash<\/td>\n<td>Cart content<\/td>\n<td>Session<\/td>\n<\/tr>\n<tr>\n<td>woocommerce_items_in_cart<\/td>\n<td>Number of items in cart<\/td>\n<td>Session<\/td>\n<\/tr>\n<tr>\n<td>wp_woocommerce_session_<\/td>\n<td>It contains a unique code for each customer so you know where to find the cart data in the database for each customer. No personal information is stored within these cookies.<\/td>\n<td>Session<\/td>\n<\/tr>\n<tr>\n<td>wordpress_a<\/td>\n<td>Cookie acceptance plugin<\/td>\n<td>Sessi\u00f3n<\/td>\n<\/tr>\n<tr>\n<td>wp-saving-pos<\/td>\n<td>WordPress cookie necessary for the page to function. Stores comment information on articles.<\/td>\n<td>1 day<\/td>\n<\/tr>\n<tr>\n<td>wp-settings-1<\/td>\n<td>These cookies are used by WordPress to customize the User Interface.<\/td>\n<td>1 year<\/td>\n<\/tr>\n<tr>\n<td>wp-settings-time-1<\/td>\n<td>These cookies are used by WordPress to customize the User Interface.<\/td>\n<td>1 year<\/td>\n<\/tr>\n<\/tbody>\n<\/table>\n<p>This website uses the following <strong>third party cookies<\/strong>:<\/p>\n<table>\n<tbody>\n<tr>\n<th>Cookies name<\/th>\n<th>Purpose of cookies<\/th>\n<th>Duration<\/th>\n<\/tr>\n<tr>\n<td>_ga<\/td>\n<td>Se usa para distinguir a los usuarios.<\/td>\n<td>2 Years<\/td>\n<\/tr>\n<tr>\n<td>_gid<\/td>\n<td>Google Analytics uses this cookie to store and update a unique value for each page visited. The cookie is updated each time you send data to Google Analytics.<\/td>\n<td>24 Hours<\/td>\n<\/tr>\n<tr>\n<td>_gat<\/td>\n<td>Used to differentiate between different tracking objects created in the session. The cookie is created when loading the javascript library and there is no previous version of the _gat cookie. The cookie is updated each time you send data to Google Analytics.<\/td>\n<td>1 Minute<\/td>\n<\/tr>\n<tr>\n<td>ACCOUNT_CHOOSER<\/td>\n<td>Login<\/td>\n<td>2 Years<\/td>\n<\/tr>\n<tr>\n<td>AID<\/td>\n<td>Advertising preference<\/td>\n<td>1 year<\/td>\n<\/tr>\n<tr>\n<td>NID<\/td>\n<td>The NID cookie contains a unique ID that Google uses to remember your preferences and other information.<\/td>\n<td>2 Years<\/td>\n<\/tr>\n<tr>\n<td>GAPS<\/td>\n<td>Google Web Analytics Service.<\/td>\n<td>2 Years<\/td>\n<\/tr>\n<tr>\n<td>CONSENT<\/td>\n<td>Technical content reproduction cookie<\/td>\n<td>More than 2 years<\/td>\n<\/tr>\n<tr>\n<td>OGPC<\/td>\n<td>Technical cookie for content reproduction.<\/td>\n<td>6 Minutes<\/td>\n<\/tr>\n<tr>\n<td>OGP<\/td>\n<td>Technical content reproduction cookie<\/td>\n<td>Session<\/td>\n<\/tr>\n<tr>\n<td>1P_JAR<\/td>\n<td>Google technical cookie.<\/td>\n<td>1 Week<\/td>\n<\/tr>\n<\/tbody>\n<\/table>\n<p>Social networks: Each social network uses its own <em>cookies<\/em> so that you can click on buttons like <em>like<\/em> or <em>Share<\/em>.<\/p>\n<table>\n<tbody>\n<tr>\n<th>Cookies name<\/th>\n<th>Purpose of cookies<\/th>\n<th>Duration<\/th>\n<\/tr>\n<tr>\n<td>fr<\/td>\n<td>Facebook technical cookie.<\/td>\n<td>4 Months<\/td>\n<\/tr>\n<tr>\n<td>personalization_id<\/td>\n<td>Facebook technical cookie to provide a better, faster and safer experience. Log in, protect against spam, relevant ads and personalize content for the user.<\/td>\n<td>2 Years<\/td>\n<\/tr>\n<\/tbody>\n<\/table>\n<h2>Deactivation or deletion of cookies<\/h2>\n<p>At any time you may exercise your right to deactivate or delete cookies from this website. These actions are performed differently depending on the browser you are using. <a href=\"https:\/\/www.teodoramakeup.com\/en\/mas-informacion-sobre-las-cookies\/#navegadores\">Here is a quick guide to the most popular browsers<\/a>.<\/p>\n<h2>Additional notes<\/h2>\n<ul>\n<li>Neither this website nor its legal representatives are responsible for the content or the veracity of the privacy policies that the third parties mentioned in this privacy policy may have. <em>cookies<\/em>.<\/li>\n<li>Web browsers are the tools in charge of storing the <em>cookies<\/em> and from this place you must exercise your right to eliminate or deactivate them. Neither this website nor its legal representatives can guarantee the correct or incorrect handling of the information. <em>cookies<\/em> by the aforementioned browsers.<\/li>\n<li>In some cases it is necessary to install <em>cookies<\/em> so that the browser does not forget its decision not to accept them.<\/li>\n<li>In the case of the <em>cookies<\/em> of Google Analytics, this company stores the <em>cookies<\/em> on servers located in the United States and undertakes not to share it with third parties, except in cases where it is necessary for the operation of the system or when the law requires this purpose. According to Google, it does not store your IP address. Google Inc. is a company adhered to the Safe Harbor Agreement that guarantees that all transferred data will be treated with a level of protection in accordance with European regulations. You can consult detailed information in this regard <a href=\"https:\/\/safeharbor.export.gov\/companyinfo.aspx?id=25007\" target=\"_blank\" rel=\"noreferrer noopener\">in this link<\/a>. If you want information about how Google uses cookies <a href=\"https:\/\/developers.google.com\/analytics\/devguides\/collection\/analyticsjs\/cookie-usage?hl=es&amp;csw=1\" target=\"_blank\" rel=\"noreferrer noopener\">We attach this other link<\/a>.<\/li>\n<li>Para cualquier duda o consulta acerca de esta pol\u00edtica de <em>cookies<\/em> no dude en comunicarse con nosotros a trav\u00e9s de la secci\u00f3n de contacto.<\/li>\n<\/ul>","protected":false},"excerpt":{"rendered":"<p>Pol\u00edtica de cookies Una cookie es un peque\u00f1o fichero de texto que se almacena en su navegador cuando visita casi cualquier p\u00e1gina web. Su utilidad es que la web sea capaz de recordar su visita cuando vuelva a navegar por esa p\u00e1gina. Las cookies suelen almacenar informaci\u00f3n de car\u00e1cter t\u00e9cnico, preferencias personales, personalizaci\u00f3n de contenidos, [&hellip;]<\/p>","protected":false},"author":1,"featured_media":0,"parent":0,"menu_order":0,"comment_status":"closed","ping_status":"closed","template":"","meta":{"om_disable_all_campaigns":false,"_monsterinsights_skip_tracking":false,"_monsterinsights_sitenote_active":false,"_monsterinsights_sitenote_note":"","_monsterinsights_sitenote_category":0,"site-sidebar-layout":"no-sidebar","site-content-layout":"page-builder","ast-site-content-layout":"full-width-container","site-content-style":"unboxed","site-sidebar-style":"unboxed","ast-global-header-display":"","ast-banner-title-visibility":"","ast-main-header-display":"","ast-hfb-above-header-display":"","ast-hfb-below-header-display":"","ast-hfb-mobile-header-display":"","site-post-title":"disabled","ast-breadcrumbs-content":"","ast-featured-img":"disabled","footer-sml-layout":"","theme-transparent-header-meta":"enabled","adv-header-id-meta":"","stick-header-meta":"","header-above-stick-meta":"","header-main-stick-meta":"","header-below-stick-meta":"","astra-migrate-meta-layouts":"set","ast-page-background-enabled":"default","ast-page-background-meta":{"desktop":{"background-color":"","background-image":"","background-repeat":"repeat","background-position":"center center","background-size":"auto","background-attachment":"scroll","background-type":"","background-media":"","overlay-type":"","overlay-color":"","overlay-opacity":"","overlay-gradient":""},"tablet":{"background-color":"","background-image":"","background-repeat":"repeat","background-position":"center center","background-size":"auto","background-attachment":"scroll","background-type":"","background-media":"","overlay-type":"","overlay-color":"","overlay-opacity":"","overlay-gradient":""},"mobile":{"background-color":"","background-image":"","background-repeat":"repeat","background-position":"center center","background-size":"auto","background-attachment":"scroll","background-type":"","background-media":"","overlay-type":"","overlay-color":"","overlay-opacity":"","overlay-gradient":""}},"ast-content-background-meta":{"desktop":{"background-color":"var(--ast-global-color-5)","background-image":"","background-repeat":"repeat","background-position":"center center","background-size":"auto","background-attachment":"scroll","background-type":"","background-media":"","overlay-type":"","overlay-color":"","overlay-opacity":"","overlay-gradient":""},"tablet":{"background-color":"var(--ast-global-color-5)","background-image":"","background-repeat":"repeat","background-position":"center center","background-size":"auto","background-attachment":"scroll","background-type":"","background-media":"","overlay-type":"","overlay-color":"","overlay-opacity":"","overlay-gradient":""},"mobile":{"background-color":"var(--ast-global-color-5)","background-image":"","background-repeat":"repeat","background-position":"center center","background-size":"auto","background-attachment":"scroll","background-type":"","background-media":"","overlay-type":"","overlay-color":"","overlay-opacity":"","overlay-gradient":""}},"footnotes":""},"class_list":["post-2195","page","type-page","status-publish","hentry"],"aioseo_notices":[],"_links":{"self":[{"href":"https:\/\/www.teodoramakeup.com\/en\/wp-json\/wp\/v2\/pages\/2195","targetHints":{"allow":["GET"]}}],"collection":[{"href":"https:\/\/www.teodoramakeup.com\/en\/wp-json\/wp\/v2\/pages"}],"about":[{"href":"https:\/\/www.teodoramakeup.com\/en\/wp-json\/wp\/v2\/types\/page"}],"author":[{"embeddable":true,"href":"https:\/\/www.teodoramakeup.com\/en\/wp-json\/wp\/v2\/users\/1"}],"replies":[{"embeddable":true,"href":"https:\/\/www.teodoramakeup.com\/en\/wp-json\/wp\/v2\/comments?post=2195"}],"version-history":[{"count":4,"href":"https:\/\/www.teodoramakeup.com\/en\/wp-json\/wp\/v2\/pages\/2195\/revisions"}],"predecessor-version":[{"id":2199,"href":"https:\/\/www.teodoramakeup.com\/en\/wp-json\/wp\/v2\/pages\/2195\/revisions\/2199"}],"wp:attachment":[{"href":"https:\/\/www.teodoramakeup.com\/en\/wp-json\/wp\/v2\/media?parent=2195"}],"curies":[{"name":"wp","href":"https:\/\/api.w.org\/{rel}","templated":true}]}}